{"id":2020,"date":"2021-11-14T11:46:27","date_gmt":"2021-11-14T10:46:27","guid":{"rendered":"https:\/\/server462349.nazwa.pl\/wordpress\/wpn_p309bip\/?page_id=2020"},"modified":"2025-04-02T13:00:48","modified_gmt":"2025-04-02T11:00:48","slug":"deklaracja-dostepnosci","status":"publish","type":"page","link":"http:\/\/elektryk.krosno.pl\/bip\/deklaracja-dostepnosci\/","title":{"rendered":"Deklaracja dost\u0119pno\u015bci"},"content":{"rendered":"<p><span style=\"font-size: 14pt;\"><em>Raport o stanie zapewniania dost\u0119pno\u015bci podmiotu publicznego<\/em><\/span><\/p>\n<p><a href=\"http:\/\/elektryk.krosno.pl\/bip\/wp-content\/uploads\/2025\/04\/III-Liceum-Ogolnoksztalcace-w-Krosnie-RzD.pdf\">III Liceum Og\u00f3lnokszta\u0142c\u0105ce w Kro\u015bnie RzD<\/a><\/p>\n<p><a href=\"http:\/\/elektryk.krosno.pl\/bip\/wp-content\/uploads\/2025\/04\/Technikum-nr-5-w-Krosnie-RzD.pdf\">Technikum nr 5 w Kro\u015bnie RzD<\/a><\/p>\n<p><a href=\"http:\/\/elektryk.krosno.pl\/bip\/wp-content\/uploads\/2025\/04\/Branzowa-Szkola-I-Stopnia-nr-5-w-Krosnie-RzD.pdf\">Bran\u017cowa Szko\u0142a I Stopnia nr 5 w Kro\u015bnie RzD<\/a><\/p>\n","protected":false},"excerpt":{"rendered":"<p>Raport o stanie zapewniania dost\u0119pno\u015bci podmiotu publicznego III Liceum Og\u00f3lnokszta\u0142c\u0105ce w Kro\u015bnie RzD Technikum nr 5 w Kro\u015bnie RzD Bran\u017cowa Szko\u0142a I Stopnia nr 5 w Kro\u015bnie RzD<\/p>\n","protected":false},"author":1,"featured_media":0,"parent":0,"menu_order":0,"comment_status":"closed","ping_status":"closed","template":"","meta":{"footnotes":""},"class_list":["post-2020","page","type-page","status-publish","hentry"],"yoast_head":"<!-- This site is optimized with the Yoast SEO plugin v27.4 - https:\/\/yoast.com\/product\/yoast-seo-wordpress\/ -->\n<title>Deklaracja dost\u0119pno\u015bci - BIP - Zesp&oacute;\u0142 Szk&oacute;\u0142 Elektrycznych i Og&oacute;lnokszta\u0142c\u0105cych w Kro\u015bnie<\/title>\n<meta name=\"robots\" content=\"index, follow, max-snippet:-1, max-image-preview:large, max-video-preview:-1\" \/>\n<link rel=\"canonical\" href=\"http:\/\/elektryk.krosno.pl\/bip\/deklaracja-dostepnosci\/\" \/>\n<meta property=\"og:locale\" content=\"pl_PL\" \/>\n<meta property=\"og:type\" content=\"article\" \/>\n<meta property=\"og:title\" content=\"Deklaracja dost\u0119pno\u015bci - BIP - Zesp&oacute;\u0142 Szk&oacute;\u0142 Elektrycznych i Og&oacute;lnokszta\u0142c\u0105cych w Kro\u015bnie\" \/>\n<meta property=\"og:description\" content=\"Raport o stanie zapewniania dost\u0119pno\u015bci podmiotu publicznego III Liceum Og\u00f3lnokszta\u0142c\u0105ce w Kro\u015bnie RzD Technikum nr 5 w Kro\u015bnie RzD Bran\u017cowa Szko\u0142a I Stopnia nr 5 w Kro\u015bnie RzD\" \/>\n<meta property=\"og:url\" content=\"http:\/\/elektryk.krosno.pl\/bip\/deklaracja-dostepnosci\/\" \/>\n<meta property=\"og:site_name\" content=\"BIP - Zesp&oacute;\u0142 Szk&oacute;\u0142 Elektrycznych i Og&oacute;lnokszta\u0142c\u0105cych w Kro\u015bnie\" \/>\n<meta property=\"article:modified_time\" content=\"2025-04-02T11:00:48+00:00\" \/>\n<meta name=\"twitter:card\" content=\"summary_large_image\" \/>\n<meta name=\"twitter:label1\" content=\"Szacowany czas czytania\" \/>\n\t<meta name=\"twitter:data1\" content=\"1 minuta\" \/>\n<script type=\"application\/ld+json\" class=\"yoast-schema-graph\">{\"@context\":\"https:\\\/\\\/schema.org\",\"@graph\":[{\"@type\":\"WebPage\",\"@id\":\"http:\\\/\\\/elektryk.krosno.pl\\\/bip\\\/deklaracja-dostepnosci\\\/\",\"url\":\"http:\\\/\\\/elektryk.krosno.pl\\\/bip\\\/deklaracja-dostepnosci\\\/\",\"name\":\"Deklaracja dost\u0119pno\u015bci - BIP - Zesp&oacute;\u0142 Szk&oacute;\u0142 Elektrycznych i Og&oacute;lnokszta\u0142c\u0105cych w Kro\u015bnie\",\"isPartOf\":{\"@id\":\"http:\\\/\\\/elektryk.krosno.pl\\\/bip\\\/#website\"},\"datePublished\":\"2021-11-14T10:46:27+00:00\",\"dateModified\":\"2025-04-02T11:00:48+00:00\",\"breadcrumb\":{\"@id\":\"http:\\\/\\\/elektryk.krosno.pl\\\/bip\\\/deklaracja-dostepnosci\\\/#breadcrumb\"},\"inLanguage\":\"pl-PL\",\"potentialAction\":[{\"@type\":\"ReadAction\",\"target\":[\"http:\\\/\\\/elektryk.krosno.pl\\\/bip\\\/deklaracja-dostepnosci\\\/\"]}]},{\"@type\":\"BreadcrumbList\",\"@id\":\"http:\\\/\\\/elektryk.krosno.pl\\\/bip\\\/deklaracja-dostepnosci\\\/#breadcrumb\",\"itemListElement\":[{\"@type\":\"ListItem\",\"position\":1,\"name\":\"Home\",\"item\":\"http:\\\/\\\/elektryk.krosno.pl\\\/bip\\\/\"},{\"@type\":\"ListItem\",\"position\":2,\"name\":\"Deklaracja dost\u0119pno\u015bci\"}]},{\"@type\":\"WebSite\",\"@id\":\"http:\\\/\\\/elektryk.krosno.pl\\\/bip\\\/#website\",\"url\":\"http:\\\/\\\/elektryk.krosno.pl\\\/bip\\\/\",\"name\":\"BIP - Zesp&oacute;\u0142 Szk&oacute;\u0142 Elektrycznych i Og&oacute;lnokszta\u0142c\u0105cych w Kro\u015bnie\",\"description\":\"Strona BIP\",\"potentialAction\":[{\"@type\":\"SearchAction\",\"target\":{\"@type\":\"EntryPoint\",\"urlTemplate\":\"http:\\\/\\\/elektryk.krosno.pl\\\/bip\\\/?s={search_term_string}\"},\"query-input\":{\"@type\":\"PropertyValueSpecification\",\"valueRequired\":true,\"valueName\":\"search_term_string\"}}],\"inLanguage\":\"pl-PL\"}]}<\/script>\n<!-- \/ Yoast SEO plugin. -->","yoast_head_json":{"title":"Deklaracja dost\u0119pno\u015bci - BIP - Zesp&oacute;\u0142 Szk&oacute;\u0142 Elektrycznych i Og&oacute;lnokszta\u0142c\u0105cych w Kro\u015bnie","robots":{"index":"index","follow":"follow","max-snippet":"max-snippet:-1","max-image-preview":"max-image-preview:large","max-video-preview":"max-video-preview:-1"},"canonical":"http:\/\/elektryk.krosno.pl\/bip\/deklaracja-dostepnosci\/","og_locale":"pl_PL","og_type":"article","og_title":"Deklaracja dost\u0119pno\u015bci - BIP - Zesp&oacute;\u0142 Szk&oacute;\u0142 Elektrycznych i Og&oacute;lnokszta\u0142c\u0105cych w Kro\u015bnie","og_description":"Raport o stanie zapewniania dost\u0119pno\u015bci podmiotu publicznego III Liceum Og\u00f3lnokszta\u0142c\u0105ce w Kro\u015bnie RzD Technikum nr 5 w Kro\u015bnie RzD Bran\u017cowa Szko\u0142a I Stopnia nr 5 w Kro\u015bnie RzD","og_url":"http:\/\/elektryk.krosno.pl\/bip\/deklaracja-dostepnosci\/","og_site_name":"BIP - Zesp&oacute;\u0142 Szk&oacute;\u0142 Elektrycznych i Og&oacute;lnokszta\u0142c\u0105cych w Kro\u015bnie","article_modified_time":"2025-04-02T11:00:48+00:00","twitter_card":"summary_large_image","twitter_misc":{"Szacowany czas czytania":"1 minuta"},"schema":{"@context":"https:\/\/schema.org","@graph":[{"@type":"WebPage","@id":"http:\/\/elektryk.krosno.pl\/bip\/deklaracja-dostepnosci\/","url":"http:\/\/elektryk.krosno.pl\/bip\/deklaracja-dostepnosci\/","name":"Deklaracja dost\u0119pno\u015bci - BIP - Zesp&oacute;\u0142 Szk&oacute;\u0142 Elektrycznych i Og&oacute;lnokszta\u0142c\u0105cych w Kro\u015bnie","isPartOf":{"@id":"http:\/\/elektryk.krosno.pl\/bip\/#website"},"datePublished":"2021-11-14T10:46:27+00:00","dateModified":"2025-04-02T11:00:48+00:00","breadcrumb":{"@id":"http:\/\/elektryk.krosno.pl\/bip\/deklaracja-dostepnosci\/#breadcrumb"},"inLanguage":"pl-PL","potentialAction":[{"@type":"ReadAction","target":["http:\/\/elektryk.krosno.pl\/bip\/deklaracja-dostepnosci\/"]}]},{"@type":"BreadcrumbList","@id":"http:\/\/elektryk.krosno.pl\/bip\/deklaracja-dostepnosci\/#breadcrumb","itemListElement":[{"@type":"ListItem","position":1,"name":"Home","item":"http:\/\/elektryk.krosno.pl\/bip\/"},{"@type":"ListItem","position":2,"name":"Deklaracja dost\u0119pno\u015bci"}]},{"@type":"WebSite","@id":"http:\/\/elektryk.krosno.pl\/bip\/#website","url":"http:\/\/elektryk.krosno.pl\/bip\/","name":"BIP - Zesp&oacute;\u0142 Szk&oacute;\u0142 Elektrycznych i Og&oacute;lnokszta\u0142c\u0105cych w Kro\u015bnie","description":"Strona BIP","potentialAction":[{"@type":"SearchAction","target":{"@type":"EntryPoint","urlTemplate":"http:\/\/elektryk.krosno.pl\/bip\/?s={search_term_string}"},"query-input":{"@type":"PropertyValueSpecification","valueRequired":true,"valueName":"search_term_string"}}],"inLanguage":"pl-PL"}]}},"_links":{"self":[{"href":"http:\/\/elektryk.krosno.pl\/bip\/wp-json\/wp\/v2\/pages\/2020","targetHints":{"allow":["GET"]}}],"collection":[{"href":"http:\/\/elektryk.krosno.pl\/bip\/wp-json\/wp\/v2\/pages"}],"about":[{"href":"http:\/\/elektryk.krosno.pl\/bip\/wp-json\/wp\/v2\/types\/page"}],"author":[{"embeddable":true,"href":"http:\/\/elektryk.krosno.pl\/bip\/wp-json\/wp\/v2\/users\/1"}],"replies":[{"embeddable":true,"href":"http:\/\/elektryk.krosno.pl\/bip\/wp-json\/wp\/v2\/comments?post=2020"}],"version-history":[{"count":2,"href":"http:\/\/elektryk.krosno.pl\/bip\/wp-json\/wp\/v2\/pages\/2020\/revisions"}],"predecessor-version":[{"id":2193,"href":"http:\/\/elektryk.krosno.pl\/bip\/wp-json\/wp\/v2\/pages\/2020\/revisions\/2193"}],"wp:attachment":[{"href":"http:\/\/elektryk.krosno.pl\/bip\/wp-json\/wp\/v2\/media?parent=2020"}],"curies":[{"name":"wp","href":"https:\/\/api.w.org\/{rel}","templated":true}]}}